{"id":16,"date":"2025-10-14T12:48:16","date_gmt":"2025-10-14T12:48:16","guid":{"rendered":"https:\/\/charming-morse.78-46-39-254.plesk.page\/?page_id=16"},"modified":"2025-10-20T14:11:32","modified_gmt":"2025-10-20T14:11:32","slug":"front_page","status":"publish","type":"page","link":"https:\/\/charming-morse.78-46-39-254.plesk.page\/","title":{"rendered":"Homepage Tier\u00e4rztekammer"},"content":{"rendered":"\t\t<div data-elementor-type=\"wp-page\" data-elementor-id=\"16\" class=\"elementor elementor-16\" data-elementor-settings=\"{&quot;ha_cmc_init_switcher&quot;:&quot;no&quot;}\">\n\t\t\t\t<div class=\"elementor-element elementor-element-76a36384 e-flex e-con-boxed wpr-particle-no wpr-jarallax-no wpr-parallax-no wpr-sticky-section-no e-con e-parent\" data-id=\"76a36384\" data-element_type=\"container\" data-settings=\"{&quot;_ha_eqh_enable&quot;:false}\">\n\t\t\t\t\t<div class=\"e-con-inner\">\n\t\t\t\t<div class=\"elementor-element elementor-element-3b1ef8c7 elementor-widget elementor-widget-text-editor\" data-id=\"3b1ef8c7\" data-element_type=\"widget\" data-widget_type=\"text-editor.default\">\n\t\t\t\t\t\t\t\t\t\n<p>\u00a0<\/p>\n\n<p>Wir stehen Ihnen mit Rat und Tat zu Seite<\/p>\n\n<p>Der Vorstand, die Aussch\u00fcsse und die Kammerversammlung der Tier\u00e4rztekammer Schleswig-Holstein unterst\u00fctzen Sie als Tier\u00e4rztinnen und Tier\u00e4rzte<\/p>\n\n<p>Wie funktioniert die Tier\u00e4rztekammer<\/p>\n\n<p>Die Organe der Tier\u00e4rztekammer Schleswig-Holstein sind der Vorstand (z.Zt. bestehend aus Pr\u00e4sidentin, Vizepr\u00e4sident\u00a0und vier\u00a0weiteren Vorstandsmitgliedern) und die Kammerversammlung (z.Zt. 51\u00a0Mitglieder). Der Vorstand f\u00fchrt die Gesch\u00e4fte der Kammer, seine Sitzungen sind nicht \u00f6ffentlich. Die Kammerversammlung beschlie\u00dft \u00fcber alle Angelegenheiten der Kammer von allgemeiner Bedeutung, alle Kammermitglieder sind berechtigt, an den Sitzungen der Kammerversammlung teilzunehmen. Die Kammerversammlung w\u00e4hlt gesetzliche und beratende Aussch\u00fcsse, welche die von der Kammerversammlung oder durch den Vorstand \u00fcbertragene Aufgaben erledigen. Die Ausschusssitzungen sind nicht \u00f6ffentlich.<\/p>\n\n<p>Tier\u00e4rztekammer Schleswig-Holstein<\/p>\n\n<p>K\u00f6rperschaft des \u00f6ffentliches Rechts<\/p>\n\n<p>\ud83d\udccd Hamburger Stra\u00dfe 99A, 25746 Heide<\/p>\n\n<p>\ud83d\udcde +49 (481) 5542<\/p>\n\n<p>\ud83d\udce0+49 (481) 88 335<\/p>\n\n<p>\u2709 schleswig-holstein@tieraerztekammer.de<\/p>\n\t\t\t\t\t\t\t\t<\/div>\n\t\t\t\t\t<\/div>\n\t\t\t\t<\/div>\n\t\t<div class=\"elementor-element elementor-element-3122432 e-flex e-con-boxed wpr-particle-no wpr-jarallax-no wpr-parallax-no wpr-sticky-section-no e-con e-parent\" data-id=\"3122432\" data-element_type=\"container\" data-settings=\"{&quot;_ha_eqh_enable&quot;:false}\">\n\t\t\t\t\t<div class=\"e-con-inner\">\n\t\t\t\t<div class=\"elementor-element elementor-element-1f1a051 elementor-widget elementor-widget-heading\" data-id=\"1f1a051\" data-element_type=\"widget\" data-widget_type=\"heading.default\">\n\t\t\t\t\t<h2 class=\"elementor-heading-title elementor-size-default\">Add Your Heading Text Here<\/h2>\t\t\t\t<\/div>\n\t\t\t\t\t<\/div>\n\t\t\t\t<\/div>\n\t\t\t\t<\/div>\n\t\t","protected":false},"excerpt":{"rendered":"<p>Add Your Heading Text Here<\/p>\n","protected":false},"author":1,"featured_media":0,"parent":0,"menu_order":0,"comment_status":"closed","ping_status":"closed","template":"","meta":{"_eb_attr":"","ngg_post_thumbnail":0,"_kad_post_transparent":"","_kad_post_title":"","_kad_post_layout":"","_kad_post_sidebar_id":"","_kad_post_content_style":"","_kad_post_vertical_padding":"","_kad_post_feature":"","_kad_post_feature_position":"","_kad_post_header":false,"_kad_post_footer":false,"footnotes":""},"class_list":["post-16","page","type-page","status-publish","hentry"],"_links":{"self":[{"href":"https:\/\/charming-morse.78-46-39-254.plesk.page\/index.php?rest_route=\/wp\/v2\/pages\/16","targetHints":{"allow":["GET"]}}],"collection":[{"href":"https:\/\/charming-morse.78-46-39-254.plesk.page\/index.php?rest_route=\/wp\/v2\/pages"}],"about":[{"href":"https:\/\/charming-morse.78-46-39-254.plesk.page\/index.php?rest_route=\/wp\/v2\/types\/page"}],"author":[{"embeddable":true,"href":"https:\/\/charming-morse.78-46-39-254.plesk.page\/index.php?rest_route=\/wp\/v2\/users\/1"}],"replies":[{"embeddable":true,"href":"https:\/\/charming-morse.78-46-39-254.plesk.page\/index.php?rest_route=%2Fwp%2Fv2%2Fcomments&post=16"}],"version-history":[{"count":10,"href":"https:\/\/charming-morse.78-46-39-254.plesk.page\/index.php?rest_route=\/wp\/v2\/pages\/16\/revisions"}],"predecessor-version":[{"id":154,"href":"https:\/\/charming-morse.78-46-39-254.plesk.page\/index.php?rest_route=\/wp\/v2\/pages\/16\/revisions\/154"}],"wp:attachment":[{"href":"https:\/\/charming-morse.78-46-39-254.plesk.page\/index.php?rest_route=%2Fwp%2Fv2%2Fmedia&parent=16"}],"curies":[{"name":"wp","href":"https:\/\/api.w.org\/{rel}","templated":true}]}}